{"id":6,"date":"2024-03-15T09:49:54","date_gmt":"2024-03-15T08:49:54","guid":{"rendered":"https:\/\/pilatesparisdanse.com\/?page_id=6"},"modified":"2024-04-03T10:08:50","modified_gmt":"2024-04-03T08:08:50","slug":"6-2","status":"publish","type":"page","link":"https:\/\/pilatesparisdanse.com\/index.php\/6-2\/","title":{"rendered":"Bio"},"content":{"rendered":"\n<p><a href=\"https:\/\/pilatesparisdanse.com\" data-type=\"link\" data-id=\"https:\/\/pilatesparisdanse.com\">PILATESPARISDANSE<\/a><\/p>\n\n\n\n<p><mark style=\"background-color:rgba(0, 0, 0, 0)\" class=\"has-inline-color has-vivid-red-color\">Site en construction<\/mark><\/p>\n\n\n\n<div class=\"wp-block-columns is-layout-flex wp-container-core-columns-is-layout-28f84493 wp-block-columns-is-layout-flex\">\n<div class=\"wp-block-column is-layout-flow wp-block-column-is-layout-flow\" style=\"flex-basis:100%\">\n<div class=\"wp-block-buttons has-custom-font-size has-medium-font-size is-content-justification-center is-layout-flex wp-container-core-buttons-is-layout-a89b3969 wp-block-buttons-is-layout-flex\">\n<div class=\"wp-block-button is-style-outline is-style-outline--1\"><a class=\"wp-block-button__link wp-element-button\" href=\"https:\/\/pilatesparisdanse.com\/wp-admin\/post.php?post=22&amp;action=edit\" style=\"border-radius:100px\">calendrier<\/a><\/div>\n\n\n\n<div class=\"wp-block-button is-style-outline is-style-outline--2\"><a class=\"wp-block-button__link wp-element-button\" href=\"https:\/\/pilatesparisdanse.com\/wp-admin\/post.php?post=21&amp;action=edit\" style=\"border-radius:74px\">Tarifs<\/a><\/div>\n\n\n\n<div class=\"wp-block-button is-style-outline is-style-outline--3\"><a class=\"wp-block-button__link wp-element-button\" href=\"https:\/\/pilatesparisdanse.com\/wp-admin\/post.php?post=30&amp;action=edit\" style=\"border-radius:100px\">contact<\/a><\/div>\n<\/div>\n<\/div>\n<\/div>\n\n\n\n<figure class=\"wp-block-gallery has-nested-images columns-default is-cropped wp-block-gallery-4 is-layout-flex wp-block-gallery-is-layout-flex\">\n<figure class=\"wp-block-image size-full\"><img loading=\"lazy\" decoding=\"async\" width=\"565\" height=\"797\" data-id=\"77\" src=\"https:\/\/pilatesparisdanse.com\/wp-content\/uploads\/2024\/03\/photos-concours.jpg\" alt=\"\" class=\"wp-image-77\" srcset=\"https:\/\/pilatesparisdanse.com\/wp-content\/uploads\/2024\/03\/photos-concours.jpg 565w, https:\/\/pilatesparisdanse.com\/wp-content\/uploads\/2024\/03\/photos-concours-213x300.jpg 213w\" sizes=\"auto, (max-width: 565px) 100vw, 565px\" \/><figcaption class=\"wp-element-caption\">File created with CoreGraphics<\/figcaption><\/figure>\n<\/figure>\n\n\n\n<p>Alexandre Carniato danseur de l\u2019<strong>Op\u00e9ra national de Paris<\/strong><\/p>\n\n\n\n<p>Il entre au\u00a0<strong>CNSM\u00a0<\/strong>en 1993 et obtient en 1998 son\u00a0<strong>Premier Prix \u00e0 l&#8217;unanimit\u00e9 du jury\u00a0<\/strong>au\u00a0<strong>Conservatoire National de Paris<\/strong>.<br><\/p>\n\n\n\n<p>Il \u00a0<strong>int\u00e8gre par la suite le corps de ballet de l\u2019Op\u00e9ra National de Paris\u00a0<\/strong>en 1999.<br>Il danse pour les grandes productions du r\u00e9pertoires : Le Lac des Cygnes, Casse-Noisette, Don Quichotte, Bayad\u00e8re, Rom\u00e9o et Juliette, Cendrillon, Raymonda, La Belle au bois dormant de\u00a0<strong>Rudolph Noureev<\/strong>, Aunis de\u00a0<strong>Jacques Garnier<\/strong>, Les Mirages de\u00a0<strong>Serge Lifar.<\/strong><\/p>\n\n\n\n<p>Il travaille r\u00e9guli\u00e8rement avec les plus grands chor\u00e9graphes.<\/p>\n\n\n\n<p>\u00a0<strong><br><\/strong>Pendant ses ann\u00e9es au sein de l&#8217;Opera de Paris il d\u00e9couvre la m\u00e9thode Pilates qui lui procure un maintien et la connaissance des muscles profonds se que la barre de danse ne lui permettait pas et qui devenait compl\u00e9mentaire pour danser sans se blesser dans les ballets<\/p>\n\n\n\n<p><strong>Danseur de l\u2019Op\u00e9ra national de Paris&nbsp;<\/strong>de 1999 \u00e0 2021<br><strong>Membre du jury&nbsp;<\/strong>pour les concours d\u2019entr\u00e9e et de promotion de l\u2019Op\u00e9ra National de Paris&nbsp;<strong>Dipl\u00f4m\u00e9 de The Original Pilates Mat Class&nbsp;<\/strong>en 2020<br><strong>Dipl\u00f4m\u00e9 d\u2019\u00c9tat de professeur de danse classique&nbsp;<\/strong>en 2003<br><strong>Professeur de danse classique en Conservatoire \u00e0 rayonnement R\u00e9gional<\/strong><\/p>\n\n\n\n<div class=\"wp-block-columns is-layout-flex wp-container-core-columns-is-layout-28f84493 wp-block-columns-is-layout-flex\">\n<div class=\"wp-block-column is-layout-flow wp-block-column-is-layout-flow\"><\/div>\n\n\n\n<div class=\"wp-block-column is-layout-constrained wp-block-column-is-layout-constrained\">\n<p class=\"has-vivid-red-color has-text-color has-link-color has-medium-font-size wp-elements-6ab1611c826f39f27dc27d67bd8fde86\"><strong><mark style=\"background-color:rgba(0, 0, 0, 0)\" class=\"has-inline-color has-vivid-red-color\"><kbd>Cours \u00e0 partir du <\/kbd><\/mark><\/strong>23 avril 2024<\/p>\n<\/div>\n<\/div>\n\n\n\n<div class=\"wp-block-buttons is-content-justification-center is-layout-flex wp-container-core-buttons-is-layout-a89b3969 wp-block-buttons-is-layout-flex\">\n<div class=\"wp-block-button is-style-outline is-style-outline--5\"><a class=\"wp-block-button__link wp-element-button\">Douche Disponible<\/a><\/div>\n\n\n\n<div class=\"wp-block-button is-style-outline is-style-outline--6\"><a class=\"wp-block-button__link wp-element-button\">Pr\u00eat de Tapis<\/a><\/div>\n<\/div>\n","protected":false},"excerpt":{"rendered":"<p>PILATESPARISDANSE Site en construction Alexandre Carniato danseur de l\u2019Op\u00e9ra national de Paris Il entre au\u00a0CNSM\u00a0en 1993 et obtient en 1998 son\u00a0Premier Prix \u00e0 l&#8217;unanimit\u00e9 du jury\u00a0au\u00a0Conservatoire National de Paris. Il \u00a0int\u00e8gre par la suite le corps de ballet de l\u2019Op\u00e9ra National de Paris\u00a0en 1999.Il danse pour les grandes productions du r\u00e9pertoires : Le Lac des [&hellip;]<\/p>\n","protected":false},"author":1,"featured_media":0,"parent":0,"menu_order":0,"comment_status":"closed","ping_status":"closed","template":"","meta":{"footnotes":""},"class_list":["post-6","page","type-page","status-publish","hentry"],"_links":{"self":[{"href":"https:\/\/pilatesparisdanse.com\/index.php\/wp-json\/wp\/v2\/pages\/6","targetHints":{"allow":["GET"]}}],"collection":[{"href":"https:\/\/pilatesparisdanse.com\/index.php\/wp-json\/wp\/v2\/pages"}],"about":[{"href":"https:\/\/pilatesparisdanse.com\/index.php\/wp-json\/wp\/v2\/types\/page"}],"author":[{"embeddable":true,"href":"https:\/\/pilatesparisdanse.com\/index.php\/wp-json\/wp\/v2\/users\/1"}],"replies":[{"embeddable":true,"href":"https:\/\/pilatesparisdanse.com\/index.php\/wp-json\/wp\/v2\/comments?post=6"}],"version-history":[{"count":17,"href":"https:\/\/pilatesparisdanse.com\/index.php\/wp-json\/wp\/v2\/pages\/6\/revisions"}],"predecessor-version":[{"id":91,"href":"https:\/\/pilatesparisdanse.com\/index.php\/wp-json\/wp\/v2\/pages\/6\/revisions\/91"}],"wp:attachment":[{"href":"https:\/\/pilatesparisdanse.com\/index.php\/wp-json\/wp\/v2\/media?parent=6"}],"curies":[{"name":"wp","href":"https:\/\/api.w.org\/{rel}","templated":true}]}}