{"id":21,"date":"2024-03-15T09:50:24","date_gmt":"2024-03-15T08:50:24","guid":{"rendered":"https:\/\/pilatesparisdanse.com\/?page_id=21"},"modified":"2025-09-16T11:23:25","modified_gmt":"2025-09-16T09:23:25","slug":"tarifs","status":"publish","type":"page","link":"https:\/\/pilatesparisdanse.com\/index.php\/tarifs\/","title":{"rendered":"Tarifs"},"content":{"rendered":"\n<p><a href=\"https:\/\/pilatesparisdanse.com\" data-type=\"link\" data-id=\"https:\/\/pilatesparisdanse.com\">PILATESPARISDANSE<\/a><\/p>\n\n\n\n<div class=\"wp-block-group is-vertical is-layout-flex wp-container-core-group-is-layout-fe9cc265 wp-block-group-is-layout-flex\">\n<p><strong>Pilates <\/strong>(limit\u00e9 \u00e0 10 personnes&nbsp; sous condition de r\u00e9servation)<\/p>\n\n\n\n<hr class=\"wp-block-separator has-alpha-channel-opacity\"\/>\n\n\n\n<p class=\"has-secondary-background-color has-background\"> 06.95.12.49.70<\/p>\n\n\n\n<hr class=\"wp-block-separator has-alpha-channel-opacity\"\/>\n\n\n\n<p><strong>COURS DECOUVERTE 20\u20ac<\/strong><\/p>\n\n\n\n<hr class=\"wp-block-separator has-alpha-channel-opacity\"\/>\n\n\n\n<p>1 Cours \u00e0 l&#8217;unit\u00e9 28\u20ac<\/p>\n\n\n\n<p>10 cours 250\u20ac valable 6 mois<\/p>\n\n\n\n<p>20 cours 440\u20ac soit 22\u20ac par cours valable 1 an ( payable en plusieurs fois)<\/p>\n\n\n\n<p>30 cours 600 soit 20\u20ac par cours valable 1 an ( payable en plusieurs fois)<\/p>\n\n\n\n<p> Abonnement annuel 900\u20ac<\/p>\n\n\n\n<p>Cours particulier \u00e0 domicile: 90\u20ac<\/p>\n\n\n\n<p>Cours particulier en studio 100\u20ac<\/p>\n\n\n\n<p>Cours duo \u00e0 domicile : 140\u20ac<\/p>\n<\/div>\n\n\n\n<p><\/p>\n","protected":false},"excerpt":{"rendered":"<p>PILATESPARISDANSE Pilates (limit\u00e9 \u00e0 10 personnes&nbsp; sous condition de r\u00e9servation) 06.95.12.49.70 COURS DECOUVERTE 20\u20ac 1 Cours \u00e0 l&#8217;unit\u00e9 28\u20ac 10 cours 250\u20ac valable 6 mois 20 cours 440\u20ac soit 22\u20ac par cours valable 1 an ( payable en plusieurs fois) 30 cours 600 soit 20\u20ac par cours valable 1 an ( payable en plusieurs fois) [&hellip;]<\/p>\n","protected":false},"author":1,"featured_media":0,"parent":0,"menu_order":0,"comment_status":"closed","ping_status":"closed","template":"","meta":{"footnotes":""},"class_list":["post-21","page","type-page","status-publish","hentry"],"_links":{"self":[{"href":"https:\/\/pilatesparisdanse.com\/index.php\/wp-json\/wp\/v2\/pages\/21","targetHints":{"allow":["GET"]}}],"collection":[{"href":"https:\/\/pilatesparisdanse.com\/index.php\/wp-json\/wp\/v2\/pages"}],"about":[{"href":"https:\/\/pilatesparisdanse.com\/index.php\/wp-json\/wp\/v2\/types\/page"}],"author":[{"embeddable":true,"href":"https:\/\/pilatesparisdanse.com\/index.php\/wp-json\/wp\/v2\/users\/1"}],"replies":[{"embeddable":true,"href":"https:\/\/pilatesparisdanse.com\/index.php\/wp-json\/wp\/v2\/comments?post=21"}],"version-history":[{"count":23,"href":"https:\/\/pilatesparisdanse.com\/index.php\/wp-json\/wp\/v2\/pages\/21\/revisions"}],"predecessor-version":[{"id":200,"href":"https:\/\/pilatesparisdanse.com\/index.php\/wp-json\/wp\/v2\/pages\/21\/revisions\/200"}],"wp:attachment":[{"href":"https:\/\/pilatesparisdanse.com\/index.php\/wp-json\/wp\/v2\/media?parent=21"}],"curies":[{"name":"wp","href":"https:\/\/api.w.org\/{rel}","templated":true}]}}